{"id":6044,"date":"2024-12-25T15:18:17","date_gmt":"2024-12-25T14:18:17","guid":{"rendered":"https:\/\/mbalgerianpackaging.dz\/?page_id=6044"},"modified":"2024-12-25T15:45:58","modified_gmt":"2024-12-25T14:45:58","slug":"recrutement","status":"publish","type":"page","link":"https:\/\/mbalgerianpackaging.dz\/ar\/recrutement\/","title":{"rendered":"RECRUTEMENT"},"content":{"rendered":"<div class=\"wpb-content-wrapper\"><section class=\"vc_section\"><div class=\"vc_row wpb_row vc_row-fluid\"><div class=\"wpb_column vc_column_container vc_col-sm-12\"><div class=\"vc_column-inner\"><div class=\"wpb_wrapper\"><div class=\"vc_empty_space\"   style=\"height: 135px\"><span class=\"vc_empty_space_inner\"><\/span><\/div><h4 style=\"text-align: center;font-family:Roboto;font-weight:700;font-style:normal\" class=\"vc_custom_heading\" >CARRI\u00c8RE &amp; RECRUTEMENTS<\/h4><div class=\"vc_empty_space\"   style=\"height: 32px\"><span class=\"vc_empty_space_inner\"><\/span><\/div><\/div><\/div><\/div><\/div><div data-vc-full-width=\"true\" data-vc-full-width-init=\"false\" data-vc-stretch-content=\"true\" class=\"vc_row wpb_row vc_row-fluid\"><div class=\"wpb_column vc_column_container vc_col-sm-6 vc_col-has-fill\"><div class=\"vc_column-inner vc_custom_1735136040323\"><div class=\"wpb_wrapper\">\n\t<div  class=\"wpb_single_image wpb_content_element vc_align_left  vc_custom_1735136162418\">\n\t\t\n\t\t<figure class=\"wpb_wrapper vc_figure\">\n\t\t\t<div class=\"vc_single_image-wrapper   vc_box_border_grey\"><img loading=\"lazy\" decoding=\"async\" width=\"1532\" height=\"685\" src=\"https:\/\/mbalgerianpackaging.dz\/wp-content\/uploads\/2023\/11\/mb-algerian-packaging-logo-officiel.png\" class=\"vc_single_image-img attachment-full\" alt=\"\" title=\"mb-algerian-packaging-logo-officiel\" srcset=\"https:\/\/mbalgerianpackaging.dz\/wp-content\/uploads\/2023\/11\/mb-algerian-packaging-logo-officiel.png 1532w, https:\/\/mbalgerianpackaging.dz\/wp-content\/uploads\/2023\/11\/mb-algerian-packaging-logo-officiel-300x134.png 300w, https:\/\/mbalgerianpackaging.dz\/wp-content\/uploads\/2023\/11\/mb-algerian-packaging-logo-officiel-1024x458.png 1024w, https:\/\/mbalgerianpackaging.dz\/wp-content\/uploads\/2023\/11\/mb-algerian-packaging-logo-officiel-768x343.png 768w, https:\/\/mbalgerianpackaging.dz\/wp-content\/uploads\/2023\/11\/mb-algerian-packaging-logo-officiel-540x241.png 540w, https:\/\/mbalgerianpackaging.dz\/wp-content\/uploads\/2023\/11\/mb-algerian-packaging-logo-officiel-1080x483.png 1080w\" sizes=\"(max-width: 1532px) 100vw, 1532px\" \/><\/div>\n\t\t<\/figure>\n\t<\/div>\n<div class=\"vc_empty_space\"   style=\"height: 32px\"><span class=\"vc_empty_space_inner\"><\/span><\/div>\n\t<div class=\"wpb_text_column wpb_content_element  carriere-texte\" >\n\t\t<div class=\"wpb_wrapper\">\n\t\t\t<h5><span style=\"color: #ffffff;\">Acc\u00e9l\u00e9rez votre avenir professionnel avec nos solutions sur mesure. Que vous soyez \u00e0 la recherche des talents id\u00e9aux ou d&#8217;une nouvelle opportunit\u00e9,<\/span><\/h5>\n<p>&nbsp;<\/p>\n<h5><span style=\"color: #ffffff;\">Nous vous offrons un accompagnement personnalis\u00e9 pour transformer vos ambitions en succ\u00e8s. Ensemble, construisons le parcours qui correspond \u00e0 vos aspirations et aux besoins de votre entreprise.<\/span><\/h5>\n\n\t\t<\/div>\n\t<\/div>\n<div class=\"vc_empty_space\"   style=\"height: 32px\"><span class=\"vc_empty_space_inner\"><\/span><\/div><\/div><\/div><\/div><div class=\"wpb_column vc_column_container vc_col-sm-6\"><div class=\"vc_column-inner vc_custom_1735136354352\"><div class=\"wpb_wrapper\">\n<div class=\"wpcf7 no-js\" id=\"wpcf7-f6043-o1\" lang=\"fr-FR\" dir=\"ltr\">\n<div class=\"screen-reader-response\"><p role=\"status\" aria-live=\"polite\" aria-atomic=\"true\"><\/p> <ul><\/ul><\/div>\n<form action=\"\/ar\/wp-json\/wp\/v2\/pages\/6044#wpcf7-f6043-o1\" method=\"post\" class=\"wpcf7-form init\" aria-label=\"\u0646\u0645\u0648\u0630\u062c \u0627\u0644\u0627\u062a\u0635\u0627\u0644\" enctype=\"multipart\/form-data\" novalidate=\"novalidate\" data-status=\"init\" data-trp-original-action=\"\/ar\/wp-json\/wp\/v2\/pages\/6044#wpcf7-f6043-o1\">\n<div style=\"display: none;\">\n<input type=\"hidden\" name=\"_wpcf7\" value=\"6043\" \/>\n<input type=\"hidden\" name=\"_wpcf7_version\" value=\"5.9.5\" \/>\n<input type=\"hidden\" name=\"_wpcf7_locale\" value=\"fr_FR\" \/>\n<input type=\"hidden\" name=\"_wpcf7_unit_tag\" value=\"wpcf7-f6043-o1\" \/>\n<input type=\"hidden\" name=\"_wpcf7_container_post\" value=\"0\" \/>\n<input type=\"hidden\" name=\"_wpcf7_posted_data_hash\" value=\"\" \/>\n<input type=\"hidden\" name=\"_wpcf7_recaptcha_response\" value=\"\" \/>\n<\/div>\n<div id=\"carriere\" class=\"dt-contact-form on-dark row\">\n\t<div class=\"col-sm-6\">\n\t\t<p><span class=\"wpcf7-form-control-wrap\" data-name=\"nom\"><input size=\"40\" class=\"wpcf7-form-control wpcf7-text wpcf7-validates-as-required\" aria-required=\"true\" aria-invalid=\"false\" placeholder=\"Nom\" value=\"\" type=\"text\" name=\"nom\" \/><\/span>\n\t\t<\/p>\n\t<\/div>\n\t<div class=\"col-sm-6\">\n\t\t<p><span class=\"wpcf7-form-control-wrap\" data-name=\"prenom\"><input size=\"40\" class=\"wpcf7-form-control wpcf7-text wpcf7-validates-as-required\" aria-required=\"true\" aria-invalid=\"false\" placeholder=\"Pr\u00e9nom\" value=\"\" type=\"text\" name=\"prenom\" \/><\/span>\n\t\t<\/p>\n\t<\/div>\n\t<div class=\"col-sm-12\">\n\t\t<p><span class=\"wpcf7-form-control-wrap\" data-name=\"your-phone\"><input size=\"40\" class=\"wpcf7-form-control wpcf7-tel wpcf7-validates-as-required wpcf7-text wpcf7-validates-as-tel\" aria-required=\"true\" aria-invalid=\"false\" placeholder=\"T\u00e9l\u00e9phone\" value=\"\" type=\"tel\" name=\"your-phone\" \/><\/span>\n\t\t<\/p>\n\t<\/div>\n\t<div class=\"col-sm-12\">\n\t\t<p><span class=\"wpcf7-form-control-wrap\" data-name=\"your-email\"><input size=\"40\" class=\"wpcf7-form-control wpcf7-email wpcf7-validates-as-required wpcf7-text wpcf7-validates-as-email\" aria-required=\"true\" aria-invalid=\"false\" placeholder=\"Email\" value=\"\" type=\"email\" name=\"your-email\" \/><\/span>\n\t\t<\/p>\n\t<\/div>\n\t<div class=\"col-sm-12 fichier_joindre\" >\n\t\t<p><label>fichier \u00e0 Joindre <\/label><span class=\"wpcf7-form-control-wrap\" data-name=\"your-file\"><input size=\"40\" class=\"wpcf7-form-control wpcf7-file\" accept=\".pdf,.txt,.docx\" aria-invalid=\"false\" type=\"file\" name=\"your-file\" \/><\/span>\n\t\t<\/p>\n\t<\/div>\n\t<div class=\"col-sm-12\">\n\t\t<p><span class=\"wpcf7-form-control-wrap\" data-name=\"your-message\"><textarea cols=\"40\" rows=\"10\" class=\"wpcf7-form-control wpcf7-textarea\" aria-invalid=\"false\" placeholder=\"Votre message\" name=\"your-message\"><\/textarea><\/span>\n\t\t<\/p>\n\t<\/div>\n\t<div class=\"col-sm-12\">\n\t\t<p><input class=\"wpcf7-form-control wpcf7-submit has-spinner\" type=\"submit\" value=\"POSTULER\" \/>\n\t\t<\/p>\n\t<\/div>\n<\/div><p style=\"display: none !important;\" class=\"akismet-fields-container\" data-prefix=\"_wpcf7_ak_\"><label>&#916;<textarea name=\"_wpcf7_ak_hp_textarea\" cols=\"45\" rows=\"8\" maxlength=\"100\"><\/textarea><\/label><input type=\"hidden\" id=\"ak_js_1\" name=\"_wpcf7_ak_js\" value=\"213\"\/><script>document.getElementById( \"ak_js_1\" ).setAttribute( \"value\", ( new Date() ).getTime() );<\/script><\/p><div class=\"wpcf7-response-output\" aria-hidden=\"true\"><\/div>\n<input type=\"hidden\" name=\"trp-form-language\" value=\"ar\"\/><\/form>\n<\/div>\n<\/div><\/div><\/div><\/div><div class=\"vc_row-full-width vc_clearfix\"><\/div><\/section>\n<\/div>","protected":false},"excerpt":{"rendered":"CARRI\u00c8RE &amp; RECRUTEMENTS Acc\u00e9l\u00e9rez votre avenir professionnel avec nos solutions sur mesure. Que vous soyez \u00e0 la recherche des talents id\u00e9aux ou d'une nouvelle opportunit\u00e9, &nbsp; Nous vous offrons un accompagnement personnalis\u00e9 pour transformer vos ambitions en succ\u00e8s. Ensemble, construisons le parcours qui correspond \u00e0 vos aspirations et aux besoins de votre entreprise. fichier \u00e0 [...]","protected":false},"author":1,"featured_media":0,"parent":0,"menu_order":0,"comment_status":"closed","ping_status":"closed","template":"","meta":{"footnotes":""},"yoast_head":"<!-- This site is optimized with the Yoast SEO plugin v24.1 - https:\/\/yoast.com\/wordpress\/plugins\/seo\/ -->\n<title>RECRUTEMENT - MB ALGERIAN PACKAGING<\/title>\n<meta name=\"robots\" content=\"index, follow, max-snippet:-1, max-image-preview:large, max-video-preview:-1\" \/>\n<link rel=\"canonical\" href=\"https:\/\/mbalgerianpackaging.dz\/ar\/recrutement\/\" \/>\n<meta property=\"og:locale\" content=\"ar_AR\" \/>\n<meta property=\"og:type\" content=\"article\" \/>\n<meta property=\"og:title\" content=\"RECRUTEMENT - MB ALGERIAN PACKAGING\" \/>\n<meta property=\"og:url\" content=\"https:\/\/mbalgerianpackaging.dz\/ar\/recrutement\/\" \/>\n<meta property=\"og:site_name\" content=\"MB ALGERIAN PACKAGING\" \/>\n<meta property=\"article:modified_time\" content=\"2024-12-25T14:45:58+00:00\" \/>\n<meta property=\"og:image\" content=\"https:\/\/mbalgerianpackaging.dz\/wp-content\/uploads\/2023\/11\/mb-algerian-packaging-fdn-rouge_Plan-de-travail-13_Plan-de-travail-133_Plan-de-travail-1.png\" \/>\n\t<meta property=\"og:image:width\" content=\"1000\" \/>\n\t<meta property=\"og:image:height\" content=\"850\" \/>\n\t<meta property=\"og:image:type\" content=\"image\/png\" \/>\n<meta name=\"twitter:card\" content=\"summary_large_image\" \/>\n<meta name=\"twitter:label1\" content=\"\u0648\u0642\u062a \u0627\u0644\u0642\u0631\u0627\u0621\u0629 \u0627\u0644\u0645\u064f\u0642\u062f\u0651\u0631\" \/>\n\t<meta name=\"twitter:data1\" content=\"\u062f\u0642\u064a\u0642\u0629 \u0648\u0627\u062d\u062f\u0629\" \/>\n<script type=\"application\/ld+json\" class=\"yoast-schema-graph\">{\"@context\":\"https:\/\/schema.org\",\"@graph\":[{\"@type\":\"WebPage\",\"@id\":\"https:\/\/mbalgerianpackaging.dz\/recrutement\/\",\"url\":\"https:\/\/mbalgerianpackaging.dz\/recrutement\/\",\"name\":\"RECRUTEMENT - MB ALGERIAN PACKAGING\",\"isPartOf\":{\"@id\":\"https:\/\/mbalgerianpackaging.dz\/#website\"},\"datePublished\":\"2024-12-25T14:18:17+00:00\",\"dateModified\":\"2024-12-25T14:45:58+00:00\",\"breadcrumb\":{\"@id\":\"https:\/\/mbalgerianpackaging.dz\/recrutement\/#breadcrumb\"},\"inLanguage\":\"ar\",\"potentialAction\":[{\"@type\":\"ReadAction\",\"target\":[\"https:\/\/mbalgerianpackaging.dz\/recrutement\/\"]}]},{\"@type\":\"BreadcrumbList\",\"@id\":\"https:\/\/mbalgerianpackaging.dz\/recrutement\/#breadcrumb\",\"itemListElement\":[{\"@type\":\"ListItem\",\"position\":1,\"name\":\"Accueil\",\"item\":\"https:\/\/mbalgerianpackaging.dz\/\"},{\"@type\":\"ListItem\",\"position\":2,\"name\":\"RECRUTEMENT\"}]},{\"@type\":\"WebSite\",\"@id\":\"https:\/\/mbalgerianpackaging.dz\/#website\",\"url\":\"https:\/\/mbalgerianpackaging.dz\/\",\"name\":\"MB ALGERIAN PACKAGING\",\"description\":\"Fabrication et transformation du carton ondul\u00e9\",\"publisher\":{\"@id\":\"https:\/\/mbalgerianpackaging.dz\/#organization\"},\"potentialAction\":[{\"@type\":\"SearchAction\",\"target\":{\"@type\":\"EntryPoint\",\"urlTemplate\":\"https:\/\/mbalgerianpackaging.dz\/?s={search_term_string}\"},\"query-input\":{\"@type\":\"PropertyValueSpecification\",\"valueRequired\":true,\"valueName\":\"search_term_string\"}}],\"inLanguage\":\"ar\"},{\"@type\":\"Organization\",\"@id\":\"https:\/\/mbalgerianpackaging.dz\/#organization\",\"name\":\"MB ALGERIAN PACKAGING\",\"url\":\"https:\/\/mbalgerianpackaging.dz\/\",\"logo\":{\"@type\":\"ImageObject\",\"inLanguage\":\"ar\",\"@id\":\"https:\/\/mbalgerianpackaging.dz\/#\/schema\/logo\/image\/\",\"url\":\"https:\/\/mbalgerianpackaging.dz\/wp-content\/uploads\/2023\/11\/logo-mb-algerian-packaging-rouge.png\",\"contentUrl\":\"https:\/\/mbalgerianpackaging.dz\/wp-content\/uploads\/2023\/11\/logo-mb-algerian-packaging-rouge.png\",\"width\":672,\"height\":730,\"caption\":\"MB ALGERIAN PACKAGING\"},\"image\":{\"@id\":\"https:\/\/mbalgerianpackaging.dz\/#\/schema\/logo\/image\/\"},\"sameAs\":[\"https:\/\/www.linkedin.com\/in\/mb-algerian-packaging-7b933b269\/?originalSubdomain=dz\"]}]}<\/script>\n<!-- \/ Yoast SEO plugin. -->","yoast_head_json":{"title":"RECRUTEMENT - MB ALGERIAN PACKAGING","robots":{"index":"index","follow":"follow","max-snippet":"max-snippet:-1","max-image-preview":"max-image-preview:large","max-video-preview":"max-video-preview:-1"},"canonical":"https:\/\/mbalgerianpackaging.dz\/ar\/recrutement\/","og_locale":"ar_AR","og_type":"article","og_title":"RECRUTEMENT - MB ALGERIAN PACKAGING","og_url":"https:\/\/mbalgerianpackaging.dz\/ar\/recrutement\/","og_site_name":"MB ALGERIAN PACKAGING","article_modified_time":"2024-12-25T14:45:58+00:00","og_image":[{"width":1000,"height":850,"url":"https:\/\/mbalgerianpackaging.dz\/wp-content\/uploads\/2023\/11\/mb-algerian-packaging-fdn-rouge_Plan-de-travail-13_Plan-de-travail-133_Plan-de-travail-1.png","type":"image\/png"}],"twitter_card":"summary_large_image","twitter_misc":{"\u0648\u0642\u062a \u0627\u0644\u0642\u0631\u0627\u0621\u0629 \u0627\u0644\u0645\u064f\u0642\u062f\u0651\u0631":"\u062f\u0642\u064a\u0642\u0629 \u0648\u0627\u062d\u062f\u0629"},"schema":{"@context":"https:\/\/schema.org","@graph":[{"@type":"WebPage","@id":"https:\/\/mbalgerianpackaging.dz\/recrutement\/","url":"https:\/\/mbalgerianpackaging.dz\/recrutement\/","name":"RECRUTEMENT - MB ALGERIAN PACKAGING","isPartOf":{"@id":"https:\/\/mbalgerianpackaging.dz\/#website"},"datePublished":"2024-12-25T14:18:17+00:00","dateModified":"2024-12-25T14:45:58+00:00","breadcrumb":{"@id":"https:\/\/mbalgerianpackaging.dz\/recrutement\/#breadcrumb"},"inLanguage":"ar","potentialAction":[{"@type":"ReadAction","target":["https:\/\/mbalgerianpackaging.dz\/recrutement\/"]}]},{"@type":"BreadcrumbList","@id":"https:\/\/mbalgerianpackaging.dz\/recrutement\/#breadcrumb","itemListElement":[{"@type":"ListItem","position":1,"name":"Accueil","item":"https:\/\/mbalgerianpackaging.dz\/"},{"@type":"ListItem","position":2,"name":"RECRUTEMENT"}]},{"@type":"WebSite","@id":"https:\/\/mbalgerianpackaging.dz\/#website","url":"https:\/\/mbalgerianpackaging.dz\/","name":"MB ALGERIAN PACKAGING","description":"Fabrication et transformation du carton ondul\u00e9","publisher":{"@id":"https:\/\/mbalgerianpackaging.dz\/#organization"},"potentialAction":[{"@type":"SearchAction","target":{"@type":"EntryPoint","urlTemplate":"https:\/\/mbalgerianpackaging.dz\/?s={search_term_string}"},"query-input":{"@type":"PropertyValueSpecification","valueRequired":true,"valueName":"search_term_string"}}],"inLanguage":"ar"},{"@type":"Organization","@id":"https:\/\/mbalgerianpackaging.dz\/#organization","name":"MB ALGERIAN PACKAGING","url":"https:\/\/mbalgerianpackaging.dz\/","logo":{"@type":"ImageObject","inLanguage":"ar","@id":"https:\/\/mbalgerianpackaging.dz\/#\/schema\/logo\/image\/","url":"https:\/\/mbalgerianpackaging.dz\/wp-content\/uploads\/2023\/11\/logo-mb-algerian-packaging-rouge.png","contentUrl":"https:\/\/mbalgerianpackaging.dz\/wp-content\/uploads\/2023\/11\/logo-mb-algerian-packaging-rouge.png","width":672,"height":730,"caption":"MB ALGERIAN PACKAGING"},"image":{"@id":"https:\/\/mbalgerianpackaging.dz\/#\/schema\/logo\/image\/"},"sameAs":["https:\/\/www.linkedin.com\/in\/mb-algerian-packaging-7b933b269\/?originalSubdomain=dz"]}]}},"_links":{"self":[{"href":"https:\/\/mbalgerianpackaging.dz\/ar\/wp-json\/wp\/v2\/pages\/6044"}],"collection":[{"href":"https:\/\/mbalgerianpackaging.dz\/ar\/wp-json\/wp\/v2\/pages"}],"about":[{"href":"https:\/\/mbalgerianpackaging.dz\/ar\/wp-json\/wp\/v2\/types\/page"}],"author":[{"embeddable":true,"href":"https:\/\/mbalgerianpackaging.dz\/ar\/wp-json\/wp\/v2\/users\/1"}],"replies":[{"embeddable":true,"href":"https:\/\/mbalgerianpackaging.dz\/ar\/wp-json\/wp\/v2\/comments?post=6044"}],"version-history":[{"count":18,"href":"https:\/\/mbalgerianpackaging.dz\/ar\/wp-json\/wp\/v2\/pages\/6044\/revisions"}],"predecessor-version":[{"id":6060,"href":"https:\/\/mbalgerianpackaging.dz\/ar\/wp-json\/wp\/v2\/pages\/6044\/revisions\/6060"}],"wp:attachment":[{"href":"https:\/\/mbalgerianpackaging.dz\/ar\/wp-json\/wp\/v2\/media?parent=6044"}],"curies":[{"name":"wp","href":"https:\/\/api.w.org\/{rel}","templated":true}]}}