{"id":2004,"date":"2019-10-21T02:09:03","date_gmt":"2019-10-21T01:09:03","guid":{"rendered":"https:\/\/mbalgerianpackaging.dz\/?page_id=2004"},"modified":"2024-12-25T15:44:44","modified_gmt":"2024-12-25T14:44:44","slug":"contact","status":"publish","type":"page","link":"https:\/\/mbalgerianpackaging.dz\/en\/contact\/","title":{"rendered":"CONTACT"},"content":{"rendered":"<div class=\"wpb-content-wrapper\"><section class=\"vc_section\"><div data-vc-full-width=\"true\" data-vc-full-width-init=\"false\" data-vc-stretch-content=\"true\" class=\"vc_row wpb_row vc_row-fluid vc_custom_1658065131133 vc_row-no-padding\"><div class=\"wpb_column vc_column_container vc_col-sm-12\"><div class=\"vc_column-inner\"><div class=\"wpb_wrapper\"><div  class =\"genesisexpo_module_spacing\"><div class=\"spacing_size spacing_size-initial\" style=\"height:100px;\"><\/div><\/div>  \n<div class=\"wpb_gmaps_widget wpb_content_element\"><div class=\"wpb_wrapper\"><div class=\"wpb_map_wraper\"><iframe src=\"https:\/\/www.google.com\/maps\/embed?pb=!1m14!1m8!1m3!1d12826.383087243681!2d2.8026087!3d36.5156187!3m2!1i1024!2i768!4f13.1!3m3!1m2!1s0x128f0b6deacb1c23%3A0x8250ffe351c61cb2!2sMB%20algerian%20packaging!5e0!3m2!1sfr!2sdz!4v1699301802307!5m2!1sfr!2sdz\" width=\"100%\" height=\"450\" style=\"border:0;\" allowfullscreen=\"\" loading=\"lazy\" referrerpolicy=\"no-referrer-when-downgrade\"><\/iframe><\/div><\/div><\/div><div  class =\"genesisexpo_module_spacing\"><div class=\"spacing_size spacing_size-initial\" style=\"height:50px;\"><\/div><\/div>  \n<\/div><\/div><\/div><\/div><div class=\"vc_row-full-width vc_clearfix\"><\/div><div class=\"vc_row wpb_row vc_row-fluid\"><div class=\"wpb_column vc_column_container vc_col-sm-8\"><div class=\"vc_column-inner\"><div class=\"wpb_wrapper\">\n\t<div class=\"wpb_text_column wpb_content_element\" >\n\t\t<div class=\"wpb_wrapper\">\n\t\t\t<h4 class=\"contact-page-title\">Leave us a message<\/h4>\n<p>For further information regarding our products and services, please feel free to use the contact information below or send us a message via the contact form,<\/p>\n<p>Your requests will be processed as quickly as possible.<\/p>\n\n\t\t<\/div>\n\t<\/div>\n<div  class =\"genesisexpo_module_spacing\"><div class=\"spacing_size spacing_size-initial\" style=\"height:10px;\"><\/div><\/div>  \n\n<div class=\"wpcf7 no-js\" id=\"wpcf7-f1663-o1\" lang=\"en-US\" dir=\"ltr\">\n<div class=\"screen-reader-response\"><p role=\"status\" aria-live=\"polite\" aria-atomic=\"true\"><\/p> <ul><\/ul><\/div>\n<form action=\"\/en\/wp-json\/wp\/v2\/pages\/2004#wpcf7-f1663-o1\" method=\"post\" class=\"wpcf7-form init\" aria-label=\"Contact form\" novalidate=\"novalidate\" data-status=\"init\" data-trp-original-action=\"\/en\/wp-json\/wp\/v2\/pages\/2004#wpcf7-f1663-o1\">\n<div style=\"display: none;\">\n<input type=\"hidden\" name=\"_wpcf7\" value=\"1663\" \/>\n<input type=\"hidden\" name=\"_wpcf7_version\" value=\"5.9.5\" \/>\n<input type=\"hidden\" name=\"_wpcf7_locale\" value=\"en_US\" \/>\n<input type=\"hidden\" name=\"_wpcf7_unit_tag\" value=\"wpcf7-f1663-o1\" \/>\n<input type=\"hidden\" name=\"_wpcf7_container_post\" value=\"0\" \/>\n<input type=\"hidden\" name=\"_wpcf7_posted_data_hash\" value=\"\" \/>\n<input type=\"hidden\" name=\"_wpcf7_recaptcha_response\" value=\"\" \/>\n<\/div>\n<p><label> Last name First Name (*)<br \/>\n<span class=\"wpcf7-form-control-wrap\" data-name=\"your-name\"><input size=\"40\" class=\"wpcf7-form-control wpcf7-text wpcf7-validates-as-required\" aria-required=\"true\" aria-invalid=\"false\" value=\"\" type=\"text\" name=\"your-name\" \/><\/span> <\/label>\n<\/p>\n<p><label> Email (*)<br \/>\n<span class=\"wpcf7-form-control-wrap\" data-name=\"your-email\"><input size=\"40\" class=\"wpcf7-form-control wpcf7-email wpcf7-validates-as-required wpcf7-text wpcf7-validates-as-email\" aria-required=\"true\" aria-invalid=\"false\" value=\"\" type=\"email\" name=\"your-email\" \/><\/span> <\/label>\n<\/p>\n<p><label> Subject<br \/>\n<span class=\"wpcf7-form-control-wrap\" data-name=\"your-subject\"><input size=\"40\" class=\"wpcf7-form-control wpcf7-text\" aria-invalid=\"false\" value=\"\" type=\"text\" name=\"your-subject\" \/><\/span> <\/label>\n<\/p>\n<p><label> Your message<br \/>\n<span class=\"wpcf7-form-control-wrap\" data-name=\"your-message\"><textarea cols=\"40\" rows=\"10\" class=\"wpcf7-form-control wpcf7-textarea\" aria-invalid=\"false\" name=\"your-message\"><\/textarea><\/span> <\/label>\n<\/p>\n<p><input class=\"wpcf7-form-control wpcf7-submit has-spinner\" type=\"submit\" value=\"SEND\" \/>\n<\/p><p style=\"display: none !important;\" class=\"akismet-fields-container\" data-prefix=\"_wpcf7_ak_\"><label>&#916;<textarea name=\"_wpcf7_ak_hp_textarea\" cols=\"45\" rows=\"8\" maxlength=\"100\"><\/textarea><\/label><input type=\"hidden\" id=\"ak_js_1\" name=\"_wpcf7_ak_js\" value=\"187\"\/><script>document.getElementById( \"ak_js_1\" ).setAttribute( \"value\", ( new Date() ).getTime() );<\/script><\/p><div class=\"wpcf7-response-output\" aria-hidden=\"true\"><\/div>\n<input type=\"hidden\" name=\"trp-form-language\" value=\"en\"\/><\/form>\n<\/div>\n<\/div><\/div><\/div><div class=\"wpb_column vc_column_container vc_col-sm-4\"><div class=\"vc_column-inner\"><div class=\"wpb_wrapper\">\n\t<div class=\"wpb_text_column wpb_content_element\" >\n\t\t<div class=\"wpb_wrapper\">\n\t\t\t<h5 style=\"margin-bottom: 11%;\"><strong><span style=\"font-size: 16px;\">CONTACT INFORMATION<\/span><\/strong><\/h5>\n\n\t\t<\/div>\n\t<\/div>\n\n\t<div class=\"wpb_text_column wpb_content_element\" id=\"info-tel\">\n\t\t<div class=\"wpb_wrapper\">\n\t\t\t<p><strong><i class=\"fa fa-map-marker\"><\/i>\u00a0Head office\u00a0<\/strong><\/p>\n<p class=\"big translation-block\">Zaouia city, Oued El Alleug Road No. 04,<br>\nBeni Tamou \u2013 Blida, Algeria.<\/p>\n<div class=\"infos-tel\">\n<p class=\"big\"><b><i class=\"fa fa-phone\"><\/i> Mobile<\/b><br \/>\n+213 (0)550.972.614<\/p>\n<p class=\"big\">+213 (0)550.972.346<\/p>\n<\/div>\n\n\t\t<\/div>\n\t<\/div>\n<div class=\"vc_empty_space\"   style=\"height: 5px\"><span class=\"vc_empty_space_inner\"><\/span><\/div>\n\t<div class=\"wpb_text_column wpb_content_element\" >\n\t\t<div class=\"wpb_wrapper\">\n\t\t\t<p class=\"big\"><b><i class=\"fa fa-envelope\"><\/i> E-mail:<\/b><br \/>\n<span style=\"color: #ffffff;\"><a href=\"mailto:contact@mbalgerianpackaging.dz\" style=\"color: =;\" ffffff=\"\">contact@mbalgerianpackaging.dz<\/a><\/span><\/p>\n\n\t\t<\/div>\n\t<\/div>\n<\/div><\/div><\/div><\/div><\/section>\n<\/div>","protected":false},"excerpt":{"rendered":"Laissez nous un message Pour davantage de renseignements concernant nos produits et services, N'h\u00e9sitez pas \u00e0 utiliser les informations de contact ci-dessous ou nous envoyer un message via le formulaire de contact, Vos demandes seront trait\u00e9es dans les meilleurs brefs d\u00e9lais. Nom & pr\u00e9nom (*) Email (*) Sujet Votre Message &#916; INFORMATIONS DE CONTACT \u00a0Si\u00e8ge [...]","protected":false},"author":1,"featured_media":0,"parent":0,"menu_order":0,"comment_status":"closed","ping_status":"closed","template":"","meta":{"footnotes":""},"yoast_head":"<!-- This site is optimized with the Yoast SEO plugin v24.1 - https:\/\/yoast.com\/wordpress\/plugins\/seo\/ -->\n<title>CONTACT - MB ALGERIAN PACKAGING<\/title>\n<meta name=\"robots\" content=\"index, follow, max-snippet:-1, max-image-preview:large, max-video-preview:-1\" \/>\n<link rel=\"canonical\" href=\"https:\/\/mbalgerianpackaging.dz\/en\/contact\/\" \/>\n<meta property=\"og:locale\" content=\"en_GB\" \/>\n<meta property=\"og:type\" content=\"article\" \/>\n<meta property=\"og:title\" content=\"CONTACT - MB ALGERIAN PACKAGING\" \/>\n<meta property=\"og:url\" content=\"https:\/\/mbalgerianpackaging.dz\/en\/contact\/\" \/>\n<meta property=\"og:site_name\" content=\"MB ALGERIAN PACKAGING\" \/>\n<meta property=\"article:modified_time\" content=\"2024-12-25T14:44:44+00:00\" \/>\n<meta property=\"og:image\" content=\"https:\/\/mbalgerianpackaging.dz\/wp-content\/uploads\/2023\/11\/mb-algerian-packaging-fdn-rouge_Plan-de-travail-13_Plan-de-travail-133_Plan-de-travail-1.png\" \/>\n\t<meta property=\"og:image:width\" content=\"1000\" \/>\n\t<meta property=\"og:image:height\" content=\"850\" \/>\n\t<meta property=\"og:image:type\" content=\"image\/png\" \/>\n<meta name=\"twitter:card\" content=\"summary_large_image\" \/>\n<meta name=\"twitter:label1\" content=\"Estimated reading time\" \/>\n\t<meta name=\"twitter:data1\" content=\"1 minute\" \/>\n<script type=\"application\/ld+json\" class=\"yoast-schema-graph\">{\"@context\":\"https:\/\/schema.org\",\"@graph\":[{\"@type\":\"WebPage\",\"@id\":\"https:\/\/mbalgerianpackaging.dz\/contact\/\",\"url\":\"https:\/\/mbalgerianpackaging.dz\/contact\/\",\"name\":\"CONTACT - MB ALGERIAN PACKAGING\",\"isPartOf\":{\"@id\":\"https:\/\/mbalgerianpackaging.dz\/#website\"},\"datePublished\":\"2019-10-21T01:09:03+00:00\",\"dateModified\":\"2024-12-25T14:44:44+00:00\",\"breadcrumb\":{\"@id\":\"https:\/\/mbalgerianpackaging.dz\/contact\/#breadcrumb\"},\"inLanguage\":\"en-GB\",\"potentialAction\":[{\"@type\":\"ReadAction\",\"target\":[\"https:\/\/mbalgerianpackaging.dz\/contact\/\"]}]},{\"@type\":\"BreadcrumbList\",\"@id\":\"https:\/\/mbalgerianpackaging.dz\/contact\/#breadcrumb\",\"itemListElement\":[{\"@type\":\"ListItem\",\"position\":1,\"name\":\"Accueil\",\"item\":\"https:\/\/mbalgerianpackaging.dz\/\"},{\"@type\":\"ListItem\",\"position\":2,\"name\":\"CONTACT\"}]},{\"@type\":\"WebSite\",\"@id\":\"https:\/\/mbalgerianpackaging.dz\/#website\",\"url\":\"https:\/\/mbalgerianpackaging.dz\/\",\"name\":\"MB ALGERIAN PACKAGING\",\"description\":\"Fabrication et transformation du carton ondul\u00e9\",\"publisher\":{\"@id\":\"https:\/\/mbalgerianpackaging.dz\/#organization\"},\"potentialAction\":[{\"@type\":\"SearchAction\",\"target\":{\"@type\":\"EntryPoint\",\"urlTemplate\":\"https:\/\/mbalgerianpackaging.dz\/?s={search_term_string}\"},\"query-input\":{\"@type\":\"PropertyValueSpecification\",\"valueRequired\":true,\"valueName\":\"search_term_string\"}}],\"inLanguage\":\"en-GB\"},{\"@type\":\"Organization\",\"@id\":\"https:\/\/mbalgerianpackaging.dz\/#organization\",\"name\":\"MB ALGERIAN PACKAGING\",\"url\":\"https:\/\/mbalgerianpackaging.dz\/\",\"logo\":{\"@type\":\"ImageObject\",\"inLanguage\":\"en-GB\",\"@id\":\"https:\/\/mbalgerianpackaging.dz\/#\/schema\/logo\/image\/\",\"url\":\"https:\/\/mbalgerianpackaging.dz\/wp-content\/uploads\/2023\/11\/logo-mb-algerian-packaging-rouge.png\",\"contentUrl\":\"https:\/\/mbalgerianpackaging.dz\/wp-content\/uploads\/2023\/11\/logo-mb-algerian-packaging-rouge.png\",\"width\":672,\"height\":730,\"caption\":\"MB ALGERIAN PACKAGING\"},\"image\":{\"@id\":\"https:\/\/mbalgerianpackaging.dz\/#\/schema\/logo\/image\/\"},\"sameAs\":[\"https:\/\/www.linkedin.com\/in\/mb-algerian-packaging-7b933b269\/?originalSubdomain=dz\"]}]}<\/script>\n<!-- \/ Yoast SEO plugin. -->","yoast_head_json":{"title":"CONTACT - MB ALGERIAN PACKAGING","robots":{"index":"index","follow":"follow","max-snippet":"max-snippet:-1","max-image-preview":"max-image-preview:large","max-video-preview":"max-video-preview:-1"},"canonical":"https:\/\/mbalgerianpackaging.dz\/en\/contact\/","og_locale":"en_GB","og_type":"article","og_title":"CONTACT - MB ALGERIAN PACKAGING","og_url":"https:\/\/mbalgerianpackaging.dz\/en\/contact\/","og_site_name":"MB ALGERIAN PACKAGING","article_modified_time":"2024-12-25T14:44:44+00:00","og_image":[{"width":1000,"height":850,"url":"https:\/\/mbalgerianpackaging.dz\/wp-content\/uploads\/2023\/11\/mb-algerian-packaging-fdn-rouge_Plan-de-travail-13_Plan-de-travail-133_Plan-de-travail-1.png","type":"image\/png"}],"twitter_card":"summary_large_image","twitter_misc":{"Estimated reading time":"1 minute"},"schema":{"@context":"https:\/\/schema.org","@graph":[{"@type":"WebPage","@id":"https:\/\/mbalgerianpackaging.dz\/contact\/","url":"https:\/\/mbalgerianpackaging.dz\/contact\/","name":"CONTACT - MB ALGERIAN PACKAGING","isPartOf":{"@id":"https:\/\/mbalgerianpackaging.dz\/#website"},"datePublished":"2019-10-21T01:09:03+00:00","dateModified":"2024-12-25T14:44:44+00:00","breadcrumb":{"@id":"https:\/\/mbalgerianpackaging.dz\/contact\/#breadcrumb"},"inLanguage":"en-GB","potentialAction":[{"@type":"ReadAction","target":["https:\/\/mbalgerianpackaging.dz\/contact\/"]}]},{"@type":"BreadcrumbList","@id":"https:\/\/mbalgerianpackaging.dz\/contact\/#breadcrumb","itemListElement":[{"@type":"ListItem","position":1,"name":"Accueil","item":"https:\/\/mbalgerianpackaging.dz\/"},{"@type":"ListItem","position":2,"name":"CONTACT"}]},{"@type":"WebSite","@id":"https:\/\/mbalgerianpackaging.dz\/#website","url":"https:\/\/mbalgerianpackaging.dz\/","name":"MB ALGERIAN PACKAGING","description":"Fabrication et transformation du carton ondul\u00e9","publisher":{"@id":"https:\/\/mbalgerianpackaging.dz\/#organization"},"potentialAction":[{"@type":"SearchAction","target":{"@type":"EntryPoint","urlTemplate":"https:\/\/mbalgerianpackaging.dz\/?s={search_term_string}"},"query-input":{"@type":"PropertyValueSpecification","valueRequired":true,"valueName":"search_term_string"}}],"inLanguage":"en-GB"},{"@type":"Organization","@id":"https:\/\/mbalgerianpackaging.dz\/#organization","name":"MB ALGERIAN PACKAGING","url":"https:\/\/mbalgerianpackaging.dz\/","logo":{"@type":"ImageObject","inLanguage":"en-GB","@id":"https:\/\/mbalgerianpackaging.dz\/#\/schema\/logo\/image\/","url":"https:\/\/mbalgerianpackaging.dz\/wp-content\/uploads\/2023\/11\/logo-mb-algerian-packaging-rouge.png","contentUrl":"https:\/\/mbalgerianpackaging.dz\/wp-content\/uploads\/2023\/11\/logo-mb-algerian-packaging-rouge.png","width":672,"height":730,"caption":"MB ALGERIAN PACKAGING"},"image":{"@id":"https:\/\/mbalgerianpackaging.dz\/#\/schema\/logo\/image\/"},"sameAs":["https:\/\/www.linkedin.com\/in\/mb-algerian-packaging-7b933b269\/?originalSubdomain=dz"]}]}},"_links":{"self":[{"href":"https:\/\/mbalgerianpackaging.dz\/en\/wp-json\/wp\/v2\/pages\/2004"}],"collection":[{"href":"https:\/\/mbalgerianpackaging.dz\/en\/wp-json\/wp\/v2\/pages"}],"about":[{"href":"https:\/\/mbalgerianpackaging.dz\/en\/wp-json\/wp\/v2\/types\/page"}],"author":[{"embeddable":true,"href":"https:\/\/mbalgerianpackaging.dz\/en\/wp-json\/wp\/v2\/users\/1"}],"replies":[{"embeddable":true,"href":"https:\/\/mbalgerianpackaging.dz\/en\/wp-json\/wp\/v2\/comments?post=2004"}],"version-history":[{"count":62,"href":"https:\/\/mbalgerianpackaging.dz\/en\/wp-json\/wp\/v2\/pages\/2004\/revisions"}],"predecessor-version":[{"id":6078,"href":"https:\/\/mbalgerianpackaging.dz\/en\/wp-json\/wp\/v2\/pages\/2004\/revisions\/6078"}],"wp:attachment":[{"href":"https:\/\/mbalgerianpackaging.dz\/en\/wp-json\/wp\/v2\/media?parent=2004"}],"curies":[{"name":"wp","href":"https:\/\/api.w.org\/{rel}","templated":true}]}}