{"id":5711,"date":"2023-11-05T11:29:26","date_gmt":"2023-11-05T10:29:26","guid":{"rendered":"https:\/\/mbalgerianpackaging.dz\/?page_id=5711"},"modified":"2023-12-06T14:45:41","modified_gmt":"2023-12-06T13:45:41","slug":"a-propos","status":"publish","type":"page","link":"https:\/\/mbalgerianpackaging.dz\/en\/a-propos\/","title":{"rendered":"ABOUT US"},"content":{"rendered":"<div class=\"wpb-content-wrapper\"><div data-vc-full-width=\"true\" data-vc-full-width-init=\"false\" data-vc-stretch-content=\"true\" class=\"vc_row wpb_row vc_row-fluid vc_custom_1658073316428 vc_row-no-padding\"><div class=\"wpb_column vc_column_container vc_col-sm-12\"><div class=\"vc_column-inner vc_custom_1540281434209\"><div class=\"wpb_wrapper\"><div  class =\"genesisexpo_module_spacing\"><div class=\"spacing_size spacing_size-initial\" style=\"height:115px;\"><\/div><\/div>  \n<\/div><\/div><\/div><\/div><div class=\"vc_row-full-width vc_clearfix\"><\/div><div data-vc-full-width=\"true\" data-vc-full-width-init=\"false\" class=\"vc_row wpb_row vc_row-fluid accueil-a-propos vc_custom_1699387065687 vc_row-has-fill vc_row-o-equal-height vc_row-o-content-middle vc_row-flex\"><div class=\"wpb_column vc_column_container vc_col-sm-12 vc_col-md-5\" id=\"titre-sarl\"><div class=\"vc_column-inner\"><div class=\"wpb_wrapper\"><div id=\"genesisexpo_dbl_69e17e1d5509d\" class=\"genesisexpo_module_double_headings aleft\"><div class=\"heading_bgtitle\" style=\"font-size:120px; line-height:0.25; font-weight:800; \">ABOUT US<\/div><div class=\"heading_subtitle\" style=\"font-size:22px; line-height:16px; font-weight:400; \">[About Us]<\/div><div class=\"heading_title\" style=\"font-size:40px; line-height:1.3; font-weight:500; color:#e70310; \">MB ALGERIAN PACKAGING<\/div><\/div>  \n<div  class =\"genesisexpo_module_spacing\"><div class=\"spacing_size spacing_size-initial\" style=\"height:30px;\"><\/div><\/div>  \n\n\t<div class=\"wpb_text_column wpb_content_element  paragJust\" >\n\t\t<div class=\"wpb_wrapper\">\n\t\t\t<p class=\" translation-block\"><em><strong>MB ALGERIAN PACKAGING<\/strong>\u00a0<\/em><span>is an Algerian company under <strong>s.a.r.l<\/strong> law, whose main specialty is the manufacture and transformation of <strong>Corrugated cardboard<\/strong><\/p>\n<p>We offer a wide range of products to satisfy our customers, namely:<\/p>\n<p>:<\/p>\n\n\t\t<\/div>\n\t<\/div>\n<div class=\"vc_row wpb_row vc_inner vc_row-fluid\"><div class=\"wpb_column vc_column_container vc_col-sm-6\"><div class=\"vc_column-inner\"><div class=\"wpb_wrapper\">\n\t<div class=\"wpb_text_column wpb_content_element  paragJust\" >\n\t\t<div class=\"wpb_wrapper\">\n\t\t\t<ul>\n<li>Plates and spacers<\/li>\n<li>American box<\/li>\n<li>Trays<\/li>\n<li>PAV and PLV<\/li>\n<\/ul>\n\n\t\t<\/div>\n\t<\/div>\n<\/div><\/div><\/div><div class=\"wpb_column vc_column_container vc_col-sm-6\"><div class=\"vc_column-inner\"><div class=\"wpb_wrapper\">\n\t<div class=\"wpb_text_column wpb_content_element  paragJust\" >\n\t\t<div class=\"wpb_wrapper\">\n\t\t\t<ul>\n<li>Takeaway Food<\/li>\n<li>Office and Archive<\/li>\n<li>Fruit and vegetable platters<\/li>\n<\/ul>\n\n\t\t<\/div>\n\t<\/div>\n<\/div><\/div><\/div><\/div>\n\t<div class=\"wpb_text_column wpb_content_element  paragJust\" >\n\t\t<div class=\"wpb_wrapper\">\n\t\t\t<p class=\" translation-block\">Nos clients b\u00e9n\u00e9ficieront d\u2019une large gamme de produits, Avec un bon rapport <strong>Qualit\u00e9 \/ Prix<\/strong>.<\/p>\n\n\t\t<\/div>\n\t<\/div>\n<div  class =\"genesisexpo_module_spacing\"><div class=\"spacing_size spacing_size-initial\" style=\"height:30px;\"><\/div><\/div>  \n<div id=\"genesisexpo_button_69e17e1d559ef\" class=\"genesisexpo_module_button wgl_button wgl_button-xl aleft\">\n\t<a href=\"\/en\/lab\/a-propos\/\" style=\"border-radius:50px; border-width:1px; \" >Read more<\/a>\n<\/div>\n    \n<div id=\"genesisexpo_spacer_69e17e1d55a80\" class =\"genesisexpo_module_spacing responsive_active\"><div class=\"spacing_size spacing_size-initial\" style=\"height:60px;\"><\/div><div class=\"spacing_size spacing_size-tablet\" style=\"height:35px;\"><\/div><\/div>  \n<\/div><\/div><\/div><div class=\"wpb_column vc_column_container vc_col-sm-12 vc_col-md-offset-1 vc_col-md-6 vc_col-has-fill\"><div class=\"vc_column-inner vc_custom_1539853054854\"><div class=\"wpb_wrapper\">\n\t<div  class=\"wpb_single_image wpb_content_element vc_align_center\">\n\t\t\n\t\t<figure class=\"wpb_wrapper vc_figure\">\n\t\t\t<div class=\"vc_single_image-wrapper   vc_box_border_grey\"><img loading=\"lazy\" decoding=\"async\" width=\"1000\" height=\"560\" src=\"https:\/\/mbalgerianpackaging.dz\/wp-content\/uploads\/2023\/11\/mb-algerian-packaging-cartonondule-algerie-5.jpg\" class=\"vc_single_image-img attachment-full\" alt=\"\" title=\"mb-algerian-packaging-cartonondule-algerie (5)\" srcset=\"https:\/\/mbalgerianpackaging.dz\/wp-content\/uploads\/2023\/11\/mb-algerian-packaging-cartonondule-algerie-5.jpg 1000w, https:\/\/mbalgerianpackaging.dz\/wp-content\/uploads\/2023\/11\/mb-algerian-packaging-cartonondule-algerie-5-300x168.jpg 300w, https:\/\/mbalgerianpackaging.dz\/wp-content\/uploads\/2023\/11\/mb-algerian-packaging-cartonondule-algerie-5-768x430.jpg 768w, https:\/\/mbalgerianpackaging.dz\/wp-content\/uploads\/2023\/11\/mb-algerian-packaging-cartonondule-algerie-5-540x302.jpg 540w\" sizes=\"(max-width: 1000px) 100vw, 1000px\" \/><\/div>\n\t\t<\/figure>\n\t<\/div>\n<div class=\"vc_empty_space\"   style=\"height: 25px\"><span class=\"vc_empty_space_inner\"><\/span><\/div><div class=\"vc_row wpb_row vc_inner vc_row-fluid\"><div class=\"wpb_column vc_column_container vc_col-sm-6\"><div class=\"vc_column-inner\"><div class=\"wpb_wrapper\">\n\t<div  class=\"wpb_single_image wpb_content_element vc_align_center\">\n\t\t\n\t\t<figure class=\"wpb_wrapper vc_figure\">\n\t\t\t<div class=\"vc_single_image-wrapper   vc_box_border_grey\"><img loading=\"lazy\" decoding=\"async\" width=\"1000\" height=\"667\" src=\"https:\/\/mbalgerianpackaging.dz\/wp-content\/uploads\/2023\/11\/mb-algerian-packaging-cartonondule-algerie-2.jpg\" class=\"vc_single_image-img attachment-full\" alt=\"\" title=\"mb-algerian-packaging-cartonondule-algerie (2)\" srcset=\"https:\/\/mbalgerianpackaging.dz\/wp-content\/uploads\/2023\/11\/mb-algerian-packaging-cartonondule-algerie-2.jpg 1000w, https:\/\/mbalgerianpackaging.dz\/wp-content\/uploads\/2023\/11\/mb-algerian-packaging-cartonondule-algerie-2-300x200.jpg 300w, https:\/\/mbalgerianpackaging.dz\/wp-content\/uploads\/2023\/11\/mb-algerian-packaging-cartonondule-algerie-2-768x512.jpg 768w, https:\/\/mbalgerianpackaging.dz\/wp-content\/uploads\/2023\/11\/mb-algerian-packaging-cartonondule-algerie-2-540x360.jpg 540w\" sizes=\"(max-width: 1000px) 100vw, 1000px\" \/><\/div>\n\t\t<\/figure>\n\t<\/div>\n<\/div><\/div><\/div><div class=\"wpb_column vc_column_container vc_col-sm-6\"><div class=\"vc_column-inner\"><div class=\"wpb_wrapper\">\n\t<div  class=\"wpb_single_image wpb_content_element vc_align_center\">\n\t\t\n\t\t<figure class=\"wpb_wrapper vc_figure\">\n\t\t\t<div class=\"vc_single_image-wrapper   vc_box_border_grey\"><img loading=\"lazy\" decoding=\"async\" width=\"1000\" height=\"667\" src=\"https:\/\/mbalgerianpackaging.dz\/wp-content\/uploads\/2023\/11\/mb-algerian-packaging-cartonondule-algerie-3.jpg\" class=\"vc_single_image-img attachment-full\" alt=\"\" title=\"mb-algerian-packaging-cartonondule-algerie (3)\" srcset=\"https:\/\/mbalgerianpackaging.dz\/wp-content\/uploads\/2023\/11\/mb-algerian-packaging-cartonondule-algerie-3.jpg 1000w, https:\/\/mbalgerianpackaging.dz\/wp-content\/uploads\/2023\/11\/mb-algerian-packaging-cartonondule-algerie-3-300x200.jpg 300w, https:\/\/mbalgerianpackaging.dz\/wp-content\/uploads\/2023\/11\/mb-algerian-packaging-cartonondule-algerie-3-768x512.jpg 768w, https:\/\/mbalgerianpackaging.dz\/wp-content\/uploads\/2023\/11\/mb-algerian-packaging-cartonondule-algerie-3-540x360.jpg 540w\" sizes=\"(max-width: 1000px) 100vw, 1000px\" \/><\/div>\n\t\t<\/figure>\n\t<\/div>\n<\/div><\/div><\/div><\/div><\/div><\/div><\/div><\/div><div class=\"vc_row-full-width vc_clearfix\"><\/div><div data-vc-full-width=\"true\" data-vc-full-width-init=\"false\" data-vc-stretch-content=\"true\" class=\"vc_row wpb_row vc_row-fluid vc_custom_1699736179980 vc_row-has-fill vc_row-no-padding\"><div class=\"wpb_column vc_column_container vc_col-sm-12\"><div class=\"vc_column-inner vc_custom_1540281434209\"><div class=\"wpb_wrapper\">\n\t<div  class=\"wpb_single_image wpb_content_element vc_align_center\">\n\t\t\n\t\t<figure class=\"wpb_wrapper vc_figure\">\n\t\t\t<div class=\"vc_single_image-wrapper   vc_box_border_grey\"><img loading=\"lazy\" decoding=\"async\" width=\"2880\" height=\"392\" src=\"https:\/\/mbalgerianpackaging.dz\/wp-content\/uploads\/2023\/11\/mb-algerian-packaging-pattern_top.png\" class=\"vc_single_image-img attachment-full\" alt=\"\" title=\"mb-algerian-packaging-pattern_top\" srcset=\"https:\/\/mbalgerianpackaging.dz\/wp-content\/uploads\/2023\/11\/mb-algerian-packaging-pattern_top.png 2880w, https:\/\/mbalgerianpackaging.dz\/wp-content\/uploads\/2023\/11\/mb-algerian-packaging-pattern_top-300x41.png 300w, https:\/\/mbalgerianpackaging.dz\/wp-content\/uploads\/2023\/11\/mb-algerian-packaging-pattern_top-1024x139.png 1024w, https:\/\/mbalgerianpackaging.dz\/wp-content\/uploads\/2023\/11\/mb-algerian-packaging-pattern_top-768x105.png 768w, https:\/\/mbalgerianpackaging.dz\/wp-content\/uploads\/2023\/11\/mb-algerian-packaging-pattern_top-1536x209.png 1536w, https:\/\/mbalgerianpackaging.dz\/wp-content\/uploads\/2023\/11\/mb-algerian-packaging-pattern_top-2048x279.png 2048w, https:\/\/mbalgerianpackaging.dz\/wp-content\/uploads\/2023\/11\/mb-algerian-packaging-pattern_top-540x74.png 540w, https:\/\/mbalgerianpackaging.dz\/wp-content\/uploads\/2023\/11\/mb-algerian-packaging-pattern_top-1080x147.png 1080w\" sizes=\"(max-width: 2880px) 100vw, 2880px\" \/><\/div>\n\t\t<\/figure>\n\t<\/div>\n<\/div><\/div><\/div><\/div><div class=\"vc_row-full-width vc_clearfix\"><\/div><div id=\"renseignements\" data-vc-full-width=\"true\" data-vc-full-width-init=\"false\" data-vc-stretch-content=\"true\" class=\"vc_row wpb_row vc_row-fluid vc_custom_1699736457889 vc_row-has-fill vc_row-no-padding\"><div class=\"wpb_column vc_column_container vc_col-sm-6\"><div class=\"vc_column-inner vc_custom_1699736834010\"><div class=\"wpb_wrapper\">\n\t<div class=\"wpb_text_column wpb_content_element  vc_custom_1658157682633\" >\n\t\t<div class=\"wpb_wrapper\">\n\t\t\t<h3 class=\"h3Span1 translation-block\">More details about our <em><strong>PRODUCTS<\/strong><\/em>?<\/h3>\n<div id=\"gtx-trans\" style=\"position: absolute; left: 314px; top: 44px;\">\n<div class=\"gtx-trans-icon\"><\/div>\n<\/div>\n\n\t\t<\/div>\n\t<\/div>\n\n\t<div class=\"wpb_text_column wpb_content_element\" >\n\t\t<div class=\"wpb_wrapper\">\n\t\t\t<h3 class=\"h3Span2\"><i class=\"fa fa-phone\"><\/i> Call us on: <span style=\"color: #fff; font-size: 0.92em; text-shadow: 3px -7px 4px #33333370;\">0550 97 26 14 \/ 0550.972.346<\/span><\/h3>\n\n\t\t<\/div>\n\t<\/div>\n<\/div><\/div><\/div><div class=\"wpb_column vc_column_container vc_col-sm-6\"><div class=\"vc_column-inner\"><div class=\"wpb_wrapper\"><div class=\"vc_btn3-container vc_btn3-inline\" ><button class=\"vc_general vc_btn3 vc_btn3-size-md vc_btn3-shape-rounded vc_btn3-style-modern vc_btn3-color-white\">CONTACT US<\/button><\/div><\/div><\/div><\/div><\/div><div class=\"vc_row-full-width vc_clearfix\"><\/div><div data-vc-full-width=\"true\" data-vc-full-width-init=\"false\" data-vc-stretch-content=\"true\" class=\"vc_row wpb_row vc_row-fluid vc_custom_1699737524163 vc_row-no-padding vc_row-o-content-top vc_row-flex\"><div class=\"wpb_column vc_column_container vc_col-sm-12\"><div class=\"vc_column-inner\"><div class=\"wpb_wrapper\">\n\t<div  class=\"wpb_single_image wpb_content_element vc_align_center\">\n\t\t\n\t\t<figure class=\"wpb_wrapper vc_figure\">\n\t\t\t<div class=\"vc_single_image-wrapper   vc_box_border_grey\"><img loading=\"lazy\" decoding=\"async\" width=\"2880\" height=\"392\" src=\"https:\/\/mbalgerianpackaging.dz\/wp-content\/uploads\/2023\/11\/mb-algerian-packaging-pattern_bottom.png\" class=\"vc_single_image-img attachment-full\" alt=\"\" title=\"mb-algerian-packaging-pattern_bottom\" srcset=\"https:\/\/mbalgerianpackaging.dz\/wp-content\/uploads\/2023\/11\/mb-algerian-packaging-pattern_bottom.png 2880w, https:\/\/mbalgerianpackaging.dz\/wp-content\/uploads\/2023\/11\/mb-algerian-packaging-pattern_bottom-300x41.png 300w, https:\/\/mbalgerianpackaging.dz\/wp-content\/uploads\/2023\/11\/mb-algerian-packaging-pattern_bottom-1024x139.png 1024w, https:\/\/mbalgerianpackaging.dz\/wp-content\/uploads\/2023\/11\/mb-algerian-packaging-pattern_bottom-768x105.png 768w, https:\/\/mbalgerianpackaging.dz\/wp-content\/uploads\/2023\/11\/mb-algerian-packaging-pattern_bottom-1536x209.png 1536w, https:\/\/mbalgerianpackaging.dz\/wp-content\/uploads\/2023\/11\/mb-algerian-packaging-pattern_bottom-2048x279.png 2048w, https:\/\/mbalgerianpackaging.dz\/wp-content\/uploads\/2023\/11\/mb-algerian-packaging-pattern_bottom-540x74.png 540w, https:\/\/mbalgerianpackaging.dz\/wp-content\/uploads\/2023\/11\/mb-algerian-packaging-pattern_bottom-1080x147.png 1080w\" sizes=\"(max-width: 2880px) 100vw, 2880px\" \/><\/div>\n\t\t<\/figure>\n\t<\/div>\n<\/div><\/div><\/div><\/div><div class=\"vc_row-full-width vc_clearfix\"><\/div><div class=\"vc_row wpb_row vc_row-fluid\"><div class=\"wpb_column vc_column_container vc_col-sm-2\"><div class=\"vc_column-inner\"><div class=\"wpb_wrapper\"><\/div><\/div><\/div><div class=\"wpb_column vc_column_container vc_col-sm-8\"><div class=\"vc_column-inner\"><div class=\"wpb_wrapper\"><div  class =\"genesisexpo_module_spacing\"><div class=\"spacing_size spacing_size-initial\" style=\"height:50px;\"><\/div><\/div>  \n<div id=\"genesisexpo_dbl_69e17e1d577d7\" class=\"genesisexpo_module_double_headings acenter\"><div class=\"heading_title\" style=\"font-size:30px; line-height:1.4; font-weight:400; \">Why choose us ?<\/div><\/div>  \n<div  class =\"genesisexpo_module_spacing\"><div class=\"spacing_size spacing_size-initial\" style=\"height:50px;\"><\/div><\/div>  \n<\/div><\/div><\/div><div class=\"wpb_column vc_column_container vc_col-sm-2\"><div class=\"vc_column-inner\"><div class=\"wpb_wrapper\"><\/div><\/div><\/div><\/div><div class=\"vc_row wpb_row vc_row-fluid nous-choisir\"><div class=\"wpb_column vc_column_container vc_col-sm-3\"><div class=\"vc_column-inner\"><div class=\"wpb_wrapper\"><div class=\"genesisexpo_module_flipbox type_flip_bottom\"><div class=\"flipbox_wrapper\" ><div class=\"flipbox_front\" style=\"background-image: url(https:\/\/mbalgerianpackaging.dz\/wp-content\/uploads\/2023\/11\/MB-ALGERIAN-PACKAGING-carton-ondule-_0002_PAV-et-P33LV-1-1.jpg);\"><\/div><div class=\"flipbox_back\" style=\"background:#878787;\"><div class=\"flipbox_back_content\"><div class=\"flipbox_content\" style=\"color:#ffffff;\">Diverse resources and articles<\/div><\/div><\/div><\/div><\/div><div class=\"vc_empty_space\"   style=\"height: 20px\"><span class=\"vc_empty_space_inner\"><\/span><\/div>\n\t<div class=\"wpb_text_column wpb_content_element\" >\n\t\t<div class=\"wpb_wrapper\">\n\t\t\t<h6 style=\"text-align: center;\"><strong>Ressources Diversifi\u00e9es<\/strong><\/h6>\n\n\t\t<\/div>\n\t<\/div>\n<\/div><\/div><\/div><div class=\"wpb_column vc_column_container vc_col-sm-3\"><div class=\"vc_column-inner\"><div class=\"wpb_wrapper\"><div class=\"genesisexpo_module_flipbox type_flip_left\"><div class=\"flipbox_wrapper\" ><div class=\"flipbox_front\" style=\"background-image: url(https:\/\/mbalgerianpackaging.dz\/wp-content\/uploads\/2023\/11\/pro-met-plast-accessoires-maroquinerie-metal-plastique-algerie-24-7.jpg);\"><\/div><div class=\"flipbox_back\" style=\"background:#2c3e50;\"><div class=\"flipbox_back_content\"><div class=\"flipbox_content\" style=\"color:#ffffff;\">24\/7 availability<\/div><\/div><\/div><\/div><\/div><div class=\"vc_empty_space\"   style=\"height: 20px\"><span class=\"vc_empty_space_inner\"><\/span><\/div>\n\t<div class=\"wpb_text_column wpb_content_element\" >\n\t\t<div class=\"wpb_wrapper\">\n\t\t\t<h6 style=\"text-align: center;\"><strong>24\/7 availability<\/strong><\/h6>\n\n\t\t<\/div>\n\t<\/div>\n<\/div><\/div><\/div><div class=\"wpb_column vc_column_container vc_col-sm-3\" id=\"cpt3\"><div class=\"vc_column-inner\"><div class=\"wpb_wrapper\"><div class=\"genesisexpo_module_flipbox type_flip_left\"><div class=\"flipbox_wrapper\" ><div class=\"flipbox_front\" style=\"background-image: url(https:\/\/mbalgerianpackaging.dz\/wp-content\/uploads\/2022\/10\/diproche-ameliaration-durable-produits.jpg);\"><\/div><div class=\"flipbox_back\" style=\"background:#2c3e50;\"><div class=\"flipbox_back_content\"><div class=\"flipbox_content\" style=\"color:#ffffff;\">Sustainable product improvement<\/div><\/div><\/div><\/div><\/div><div class=\"vc_empty_space\"   style=\"height: 20px\"><span class=\"vc_empty_space_inner\"><\/span><\/div>\n\t<div class=\"wpb_text_column wpb_content_element\" >\n\t\t<div class=\"wpb_wrapper\">\n\t\t\t<h6 style=\"text-align: center;\"><strong>Sustainable product improvement<\/strong><\/h6>\n\n\t\t<\/div>\n\t<\/div>\n<\/div><\/div><\/div><div class=\"wpb_column vc_column_container vc_col-sm-3\"><div class=\"vc_column-inner\"><div class=\"wpb_wrapper\"><div class=\"genesisexpo_module_flipbox type_flip_left\"><div class=\"flipbox_wrapper\" ><div class=\"flipbox_front\" style=\"background-image: url(https:\/\/mbalgerianpackaging.dz\/wp-content\/uploads\/2022\/10\/diproche-chemical-clients-satisfaits.jpg);\"><\/div><div class=\"flipbox_back\" style=\"background:#2c3e50;\"><div class=\"flipbox_back_content\"><div class=\"flipbox_content\" style=\"color:#ffffff;\">Customer satisfaction is a priority for our company.<\/div><\/div><\/div><\/div><\/div><div class=\"vc_empty_space\"   style=\"height: 20px\"><span class=\"vc_empty_space_inner\"><\/span><\/div>\n\t<div class=\"wpb_text_column wpb_content_element\" >\n\t\t<div class=\"wpb_wrapper\">\n\t\t\t<h6 style=\"text-align: center;\"><strong>Satisfied Customers<\/strong><\/h6>\n\n\t\t<\/div>\n\t<\/div>\n<\/div><\/div><\/div><\/div><div class=\"vc_row wpb_row vc_row-fluid\"><div class=\"wpb_column vc_column_container vc_col-sm-12\"><div class=\"vc_column-inner\"><div class=\"wpb_wrapper\"><div  class =\"genesisexpo_module_spacing\"><div class=\"spacing_size spacing_size-initial\" style=\"height:115px;\"><\/div><\/div>  \n<\/div><\/div><\/div><\/div>\n<\/div>","protected":false},"excerpt":{"rendered":"\u00c0 PROPOS[\u00c0 propos de nous]MB ALGERIAN PACKAGING MB ALGERIAN PACKAGING\u00a0est une soci\u00e9t\u00e9 alg\u00e9rienne de droit s.a.r.l, Dont la sp\u00e9cialit\u00e9 principale est la fabrication et la transformation du Carton ondul\u00e9 Nous proposons un choix vari\u00e9 de produits , et ce pour la satisfaction de nos clients , \u00e0 savoir: : Plaques et intercalaires Caisse Am\u00e9ricaine Barquettes [...]","protected":false},"author":1,"featured_media":0,"parent":0,"menu_order":0,"comment_status":"closed","ping_status":"closed","template":"","meta":{"footnotes":""},"yoast_head":"<!-- This site is optimized with the Yoast SEO plugin v24.1 - https:\/\/yoast.com\/wordpress\/plugins\/seo\/ -->\n<title>\u00c0 PROPOS - MB ALGERIAN PACKAGING<\/title>\n<meta name=\"robots\" content=\"index, follow, max-snippet:-1, max-image-preview:large, max-video-preview:-1\" \/>\n<link rel=\"canonical\" href=\"https:\/\/mbalgerianpackaging.dz\/en\/a-propos\/\" \/>\n<meta property=\"og:locale\" content=\"en_GB\" \/>\n<meta property=\"og:type\" content=\"article\" \/>\n<meta property=\"og:title\" content=\"\u00c0 PROPOS - MB ALGERIAN PACKAGING\" \/>\n<meta property=\"og:url\" content=\"https:\/\/mbalgerianpackaging.dz\/en\/a-propos\/\" \/>\n<meta property=\"og:site_name\" content=\"MB ALGERIAN PACKAGING\" \/>\n<meta property=\"article:modified_time\" content=\"2023-12-06T13:45:41+00:00\" \/>\n<meta property=\"og:image\" content=\"https:\/\/mbalgerianpackaging.dz\/wp-content\/uploads\/2023\/11\/mb-algerian-packaging-fdn-rouge_Plan-de-travail-13_Plan-de-travail-133_Plan-de-travail-1.png\" \/>\n\t<meta property=\"og:image:width\" content=\"1000\" \/>\n\t<meta property=\"og:image:height\" content=\"850\" \/>\n\t<meta property=\"og:image:type\" content=\"image\/png\" \/>\n<meta name=\"twitter:card\" content=\"summary_large_image\" \/>\n<meta name=\"twitter:label1\" content=\"Estimated reading time\" \/>\n\t<meta name=\"twitter:data1\" content=\"4 minutes\" \/>\n<script type=\"application\/ld+json\" class=\"yoast-schema-graph\">{\"@context\":\"https:\/\/schema.org\",\"@graph\":[{\"@type\":\"WebPage\",\"@id\":\"https:\/\/mbalgerianpackaging.dz\/a-propos\/\",\"url\":\"https:\/\/mbalgerianpackaging.dz\/a-propos\/\",\"name\":\"\u00c0 PROPOS - MB ALGERIAN PACKAGING\",\"isPartOf\":{\"@id\":\"https:\/\/mbalgerianpackaging.dz\/#website\"},\"datePublished\":\"2023-11-05T10:29:26+00:00\",\"dateModified\":\"2023-12-06T13:45:41+00:00\",\"breadcrumb\":{\"@id\":\"https:\/\/mbalgerianpackaging.dz\/a-propos\/#breadcrumb\"},\"inLanguage\":\"en-GB\",\"potentialAction\":[{\"@type\":\"ReadAction\",\"target\":[\"https:\/\/mbalgerianpackaging.dz\/a-propos\/\"]}]},{\"@type\":\"BreadcrumbList\",\"@id\":\"https:\/\/mbalgerianpackaging.dz\/a-propos\/#breadcrumb\",\"itemListElement\":[{\"@type\":\"ListItem\",\"position\":1,\"name\":\"Accueil\",\"item\":\"https:\/\/mbalgerianpackaging.dz\/\"},{\"@type\":\"ListItem\",\"position\":2,\"name\":\"\u00c0 PROPOS\"}]},{\"@type\":\"WebSite\",\"@id\":\"https:\/\/mbalgerianpackaging.dz\/#website\",\"url\":\"https:\/\/mbalgerianpackaging.dz\/\",\"name\":\"MB ALGERIAN PACKAGING\",\"description\":\"Fabrication et transformation du carton ondul\u00e9\",\"publisher\":{\"@id\":\"https:\/\/mbalgerianpackaging.dz\/#organization\"},\"potentialAction\":[{\"@type\":\"SearchAction\",\"target\":{\"@type\":\"EntryPoint\",\"urlTemplate\":\"https:\/\/mbalgerianpackaging.dz\/?s={search_term_string}\"},\"query-input\":{\"@type\":\"PropertyValueSpecification\",\"valueRequired\":true,\"valueName\":\"search_term_string\"}}],\"inLanguage\":\"en-GB\"},{\"@type\":\"Organization\",\"@id\":\"https:\/\/mbalgerianpackaging.dz\/#organization\",\"name\":\"MB ALGERIAN PACKAGING\",\"url\":\"https:\/\/mbalgerianpackaging.dz\/\",\"logo\":{\"@type\":\"ImageObject\",\"inLanguage\":\"en-GB\",\"@id\":\"https:\/\/mbalgerianpackaging.dz\/#\/schema\/logo\/image\/\",\"url\":\"https:\/\/mbalgerianpackaging.dz\/wp-content\/uploads\/2023\/11\/logo-mb-algerian-packaging-rouge.png\",\"contentUrl\":\"https:\/\/mbalgerianpackaging.dz\/wp-content\/uploads\/2023\/11\/logo-mb-algerian-packaging-rouge.png\",\"width\":672,\"height\":730,\"caption\":\"MB ALGERIAN PACKAGING\"},\"image\":{\"@id\":\"https:\/\/mbalgerianpackaging.dz\/#\/schema\/logo\/image\/\"},\"sameAs\":[\"https:\/\/www.linkedin.com\/in\/mb-algerian-packaging-7b933b269\/?originalSubdomain=dz\"]}]}<\/script>\n<!-- \/ Yoast SEO plugin. -->","yoast_head_json":{"title":"\u00c0 PROPOS - MB ALGERIAN PACKAGING","robots":{"index":"index","follow":"follow","max-snippet":"max-snippet:-1","max-image-preview":"max-image-preview:large","max-video-preview":"max-video-preview:-1"},"canonical":"https:\/\/mbalgerianpackaging.dz\/en\/a-propos\/","og_locale":"en_GB","og_type":"article","og_title":"\u00c0 PROPOS - MB ALGERIAN PACKAGING","og_url":"https:\/\/mbalgerianpackaging.dz\/en\/a-propos\/","og_site_name":"MB ALGERIAN PACKAGING","article_modified_time":"2023-12-06T13:45:41+00:00","og_image":[{"width":1000,"height":850,"url":"https:\/\/mbalgerianpackaging.dz\/wp-content\/uploads\/2023\/11\/mb-algerian-packaging-fdn-rouge_Plan-de-travail-13_Plan-de-travail-133_Plan-de-travail-1.png","type":"image\/png"}],"twitter_card":"summary_large_image","twitter_misc":{"Estimated reading time":"4 minutes"},"schema":{"@context":"https:\/\/schema.org","@graph":[{"@type":"WebPage","@id":"https:\/\/mbalgerianpackaging.dz\/a-propos\/","url":"https:\/\/mbalgerianpackaging.dz\/a-propos\/","name":"\u00c0 PROPOS - MB ALGERIAN PACKAGING","isPartOf":{"@id":"https:\/\/mbalgerianpackaging.dz\/#website"},"datePublished":"2023-11-05T10:29:26+00:00","dateModified":"2023-12-06T13:45:41+00:00","breadcrumb":{"@id":"https:\/\/mbalgerianpackaging.dz\/a-propos\/#breadcrumb"},"inLanguage":"en-GB","potentialAction":[{"@type":"ReadAction","target":["https:\/\/mbalgerianpackaging.dz\/a-propos\/"]}]},{"@type":"BreadcrumbList","@id":"https:\/\/mbalgerianpackaging.dz\/a-propos\/#breadcrumb","itemListElement":[{"@type":"ListItem","position":1,"name":"Accueil","item":"https:\/\/mbalgerianpackaging.dz\/"},{"@type":"ListItem","position":2,"name":"\u00c0 PROPOS"}]},{"@type":"WebSite","@id":"https:\/\/mbalgerianpackaging.dz\/#website","url":"https:\/\/mbalgerianpackaging.dz\/","name":"MB ALGERIAN PACKAGING","description":"Fabrication et transformation du carton ondul\u00e9","publisher":{"@id":"https:\/\/mbalgerianpackaging.dz\/#organization"},"potentialAction":[{"@type":"SearchAction","target":{"@type":"EntryPoint","urlTemplate":"https:\/\/mbalgerianpackaging.dz\/?s={search_term_string}"},"query-input":{"@type":"PropertyValueSpecification","valueRequired":true,"valueName":"search_term_string"}}],"inLanguage":"en-GB"},{"@type":"Organization","@id":"https:\/\/mbalgerianpackaging.dz\/#organization","name":"MB ALGERIAN PACKAGING","url":"https:\/\/mbalgerianpackaging.dz\/","logo":{"@type":"ImageObject","inLanguage":"en-GB","@id":"https:\/\/mbalgerianpackaging.dz\/#\/schema\/logo\/image\/","url":"https:\/\/mbalgerianpackaging.dz\/wp-content\/uploads\/2023\/11\/logo-mb-algerian-packaging-rouge.png","contentUrl":"https:\/\/mbalgerianpackaging.dz\/wp-content\/uploads\/2023\/11\/logo-mb-algerian-packaging-rouge.png","width":672,"height":730,"caption":"MB ALGERIAN PACKAGING"},"image":{"@id":"https:\/\/mbalgerianpackaging.dz\/#\/schema\/logo\/image\/"},"sameAs":["https:\/\/www.linkedin.com\/in\/mb-algerian-packaging-7b933b269\/?originalSubdomain=dz"]}]}},"_links":{"self":[{"href":"https:\/\/mbalgerianpackaging.dz\/en\/wp-json\/wp\/v2\/pages\/5711"}],"collection":[{"href":"https:\/\/mbalgerianpackaging.dz\/en\/wp-json\/wp\/v2\/pages"}],"about":[{"href":"https:\/\/mbalgerianpackaging.dz\/en\/wp-json\/wp\/v2\/types\/page"}],"author":[{"embeddable":true,"href":"https:\/\/mbalgerianpackaging.dz\/en\/wp-json\/wp\/v2\/users\/1"}],"replies":[{"embeddable":true,"href":"https:\/\/mbalgerianpackaging.dz\/en\/wp-json\/wp\/v2\/comments?post=5711"}],"version-history":[{"count":6,"href":"https:\/\/mbalgerianpackaging.dz\/en\/wp-json\/wp\/v2\/pages\/5711\/revisions"}],"predecessor-version":[{"id":6010,"href":"https:\/\/mbalgerianpackaging.dz\/en\/wp-json\/wp\/v2\/pages\/5711\/revisions\/6010"}],"wp:attachment":[{"href":"https:\/\/mbalgerianpackaging.dz\/en\/wp-json\/wp\/v2\/media?parent=5711"}],"curies":[{"name":"wp","href":"https:\/\/api.w.org\/{rel}","templated":true}]}}